{"id":10,"date":"2016-01-27T20:01:13","date_gmt":"2016-01-27T20:01:13","guid":{"rendered":"http:\/\/www.clinicadentaloliva.com\/?page_id=10"},"modified":"2023-09-21T13:58:10","modified_gmt":"2023-09-21T13:58:10","slug":"tratamientos","status":"publish","type":"page","link":"https:\/\/www.clinicadentaloliva.com\/es\/tratamientos\/","title":{"rendered":"Implantes cer\u00e1micos, pr\u00f3tesis sin metal, ortodoncia invisible"},"content":{"rendered":"<div class=\"wpb-content-wrapper\">[vc_row][vc_column][vc_single_image image=\u00bb773&#8243; alignment=\u00bbcenter\u00bb][\/vc_column][\/vc_row][vc_row][vc_column][vc_tta_tour][vc_tta_section title=\u00bbEST\u00c9TICA DENTAL\u00bb tab_id=\u00bb1457355810413-6e20e883-83b6&#8243;][vc_row_inner][vc_column_inner width=\u00bb2\/3&#8243;][vc_column_text]\n<h3><span style=\"color: #008080;\">Est\u00e9tica dental<\/span><\/h3>\n<p>Estudiamos y corregimos la est\u00e9tica de los dientes, las enc\u00edas y la sonrisa de cada persona.[\/vc_column_text][\/vc_column_inner][vc_column_inner width=\u00bb1\/3&#8243;][vc_single_image image=\u00bb271&#8243; img_size=\u00bbmedium\u00bb alignment=\u00bbcenter\u00bb][vc_empty_space height=\u00bb15px\u00bb][vc_single_image image=\u00bb582&#8243; img_size=\u00bbmedium\u00bb alignment=\u00bbcenter\u00bb][\/vc_column_inner][\/vc_row_inner][\/vc_tta_section][vc_tta_section title=\u00bbIMPLANTES Y CIRUG\u00cdA\u00bb tab_id=\u00bb1457355810675-d94cf958-9a11&#8243;][vc_row_inner][vc_column_inner width=\u00bb2\/3&#8243;][vc_column_text]\n<h3><span style=\"color: #008080;\">Implantes y cirug\u00eda<\/span><\/h3>\n<h4>Implantes colocados en el mismo momento de la extracci\u00f3n:<\/h4>\n<h5>IMPLANTES DE ZIRCONIO<\/h5>\n<ul>\n<li>Implantes totalmente <strong>cer\u00e1micos<\/strong>, sin metal alguno.<\/li>\n<li>Su color <strong>blanco<\/strong> ofrece un aspecto <strong>muy natural<\/strong>.<\/li>\n<li>Estan especialmente indicados para las enc\u00edas finas en las cuales el metal se puede transparentar dando una apariencia oscura y antiest\u00e9tica.<\/li>\n<\/ul>\n<h5>IMPLANTES DE TITANIO<\/h5>\n<ul>\n<li>Implantes tradicionales con aleaci\u00f3n de metales.<\/li>\n<\/ul>\n<h5>SEDACI\u00d3N<\/h5>\n<p>Si el paciente lo desea, para su confort y seguridad, podemos ofrecerle el servicio de sedaci\u00f3n con m\u00e9dicos anestesistas especializados.[\/vc_column_text][\/vc_column_inner][vc_column_inner width=\u00bb1\/3&#8243;][vc_single_image image=\u00bb180&#8243;]<div class=\"vcex-spacing\" style=\"height:20px\"><\/div>[vc_single_image image=\u00bb273&#8243; img_size=\u00bbmedium\u00bb add_caption=\u00bbyes\u00bb alignment=\u00bbcenter\u00bb]<div class=\"vcex-spacing\" style=\"height:20px\"><\/div>[vc_single_image image=\u00bb274&#8243; img_size=\u00bbmedium\u00bb add_caption=\u00bbyes\u00bb alignment=\u00bbcenter\u00bb][\/vc_column_inner][\/vc_row_inner][\/vc_tta_section][vc_tta_section title=\u00bbPR\u00d3TESIS 100% SIN METAL\u00bb tab_id=\u00bb1457356861595-8a8e92f3-07a1&#8243;][vc_row_inner][vc_column_inner width=\u00bb2\/3&#8243;][vc_column_text]\n<h3><span style=\"color: #008080;\">Pr\u00f3tesis<\/span> <span style=\"color: #008080;\">100% sin metal<\/span><\/h3>\n<p>Para hacer una odontolog\u00eda m\u00e1s <strong>biocompatible<\/strong> y <strong>est\u00e9tica<\/strong>, recomendamos un <strong>tratamiento sin metal<\/strong>, tanto en los implantes como en las pr\u00f3tesis.[\/vc_column_text][\/vc_column_inner][vc_column_inner width=\u00bb1\/3&#8243;][vc_single_image image=\u00bb272&#8243; img_size=\u00bbmedium\u00bb add_caption=\u00bbyes\u00bb][vc_empty_space height=\u00bb20px\u00bb][vc_single_image image=\u00bb584&#8243; img_size=\u00bbmedium\u00bb][\/vc_column_inner][\/vc_row_inner][\/vc_tta_section][vc_tta_section title=\u00bbPERIODONCIA\u00bb tab_id=\u00bb1457357091990-650e7a40-beed\u00bb][vc_row_inner][vc_column_inner width=\u00bb2\/3&#8243;][vc_column_text]\n<h3><span style=\"color: #008080;\">Periodoncia<\/span><\/h3>\n<p>Prevenimos, diagnosticamos y tratamos las <strong>enfermedades de las enc\u00edas<\/strong> y los tejidos de soporte de los dientes y de los implantes.[\/vc_column_text][\/vc_column_inner][vc_column_inner width=\u00bb1\/3&#8243;][vc_single_image image=\u00bb187&#8243; img_size=\u00bbmedium\u00bb][\/vc_column_inner][\/vc_row_inner][\/vc_tta_section][vc_tta_section title=\u00bbORTODONCIA\u00bb tab_id=\u00bb1457357216710-3dffe147-9124&#8243;][vc_row_inner][vc_column_inner][vc_column_text]\n<h3><span style=\"color: #008080;\">Ortodoncia<\/span><\/h3>\n<p>Estudiamos y corregimos la malposici\u00f3n dental, as\u00ed como las alteraciones esquel\u00e9ticas del maxilar y la mand\u00edbula.<\/p>\n<h3><span style=\"color: #008080;\">Ortodoncia invisible<br \/>\n<\/span>INVISALIGN<\/h3>\n<p>Mediante el sistema <a href=\"http:\/\/www.invisalign.es\/es\/Pages\/Home.aspx\" target=\"_blank\" rel=\"noopener noreferrer\">Invisalign<\/a> hoy podemos corregir la malposici\u00f3n de los dientes <strong>sin utilizar aparatos fijos<\/strong>.[\/vc_column_text][vc_empty_space height=\u00bb30px\u00bb]<div class=\"vcex-image-grid-wrap clr\"><div class=\"vcex-module vcex-image-grid wpex-row wpex-clr grid-style-default wpex-lightbox-group\" data-path=\"horizontal\" data-infinite=\"true\"><div class=\"id-371 vcex-image-grid-entry vcex-grid-item span_1_of_3 col col-1\"><figure class=\"vcex-image-grid-entry-figure wpex-clr\"><div class=\"vcex-image-grid-entry-img wpex-clr\"><a href=\"https:\/\/www.clinicadentaloliva.com\/wp-content\/uploads\/2016\/02\/chica.jpg\" class=\"vcex-image-grid-entry-img wpex-lightbox-group-item\" data-path=\"horizontal\" data-infinite=\"true\" data-title=\"\" data-type=\"image\"><img loading=\"lazy\" decoding=\"async\" src=\"https:\/\/www.clinicadentaloliva.com\/wp-content\/uploads\/2016\/02\/chica.jpg\" data-no-retina width=\"650\" height=\"867\" \/><\/a><\/div><\/figure><\/div><div class=\"id-388 vcex-image-grid-entry vcex-grid-item span_1_of_3 col col-2\"><figure class=\"vcex-image-grid-entry-figure wpex-clr\"><div class=\"vcex-image-grid-entry-img wpex-clr\"><a href=\"https:\/\/www.clinicadentaloliva.com\/wp-content\/uploads\/2016\/01\/alineador2.png\" class=\"vcex-image-grid-entry-img wpex-lightbox-group-item\" data-path=\"horizontal\" data-infinite=\"true\" data-title=\"\" data-type=\"image\"><img loading=\"lazy\" decoding=\"async\" src=\"https:\/\/www.clinicadentaloliva.com\/wp-content\/uploads\/2016\/01\/alineador2.png\" data-no-retina width=\"425\" height=\"495\" \/><\/a><\/div><\/figure><\/div><div class=\"id-373 vcex-image-grid-entry vcex-grid-item span_1_of_3 col col-3\"><figure class=\"vcex-image-grid-entry-figure wpex-clr\"><div class=\"vcex-image-grid-entry-img wpex-clr\"><a href=\"https:\/\/www.clinicadentaloliva.com\/wp-content\/uploads\/2016\/02\/chico.jpg\" class=\"vcex-image-grid-entry-img wpex-lightbox-group-item\" data-path=\"horizontal\" data-infinite=\"true\" data-title=\"\" data-type=\"image\"><img loading=\"lazy\" decoding=\"async\" src=\"https:\/\/www.clinicadentaloliva.com\/wp-content\/uploads\/2016\/02\/chico.jpg\" data-no-retina width=\"650\" height=\"868\" \/><\/a><\/div><\/figure><\/div><\/div><\/div>[\/vc_column_inner][\/vc_row_inner][\/vc_tta_section][vc_tta_section title=\u00bbEXTRACCI\u00d3N SEGURA DE AMALGAMAS\u00bb tab_id=\u00bb1457357651257-94701971-c40f\u00bb][vc_row_inner][vc_column_inner width=\u00bb2\/3&#8243;][vc_column_text]\n<h3><span style=\"color: #008080;\">Extracci\u00f3n segura de amalgamas<\/span><\/h3>\n<p>Los pacientes con posible intoxicaci\u00f3n de mercurio pueden investigarlo a trav\u00e9s del <a href=\"http:\/\/www.melisa.org\/\" target=\"_blank\" rel=\"noopener noreferrer\">Test de Melisa<\/a>. En el caso de tener que extraerles las amalgamas, seguimos el protocolo recomendado por la <span class=\"notranslate\"><a href=\"http:\/\/www.iaomt.org\" target=\"_blank\" rel=\"noopener noreferrer\">IAOMT (International Academy of Oral Medicine &amp; Toxicology)<\/a><\/span>.[\/vc_column_text][vc_column_text]\n<h4><strong>Protocolo para la eliminaci\u00f3n de obturaciones de amalgama de mercurio-plata recomentado por la Academia Internacional de Medicina Oral y Toxicolog\u00eda<\/strong><\/h4>\n<p><strong>Protecci\u00f3n del paciente<\/strong><\/p>\n<p>Lo m\u00e1s importante es la protecci\u00f3n del paciente contra la exposici\u00f3n adicional al mercurio, especialmente en aquellos casos en los que hayan sufrido intoxicaci\u00f3n previamente. El paciente intoxicado por mercurio pudo haberse\u00a0 expuesto a cantidades variables de mercurio en la dieta, en el ambiente, en su puesto de trabajo o por las amalgamas de plata-mercurio. Todas las formas son acumulativas y pueden contribuir a la carga de mercurio en el organismo.<\/p>\n<p>El objetivo de este procedimiento es <strong>reducir al m\u00ednimo<\/strong> cualquier exposici\u00f3n adicional del paciente, de nosotros mismos o de nuestro equipo al mercurio.<\/p>\n<p><strong>Pasos<\/strong> que permiten reducir enormemente la exposici\u00f3n al mercurio:<\/p>\n<ul>\n<li>Mantener las amalgamas fr\u00edas.<\/li>\n<li>Utilizar una aspiraci\u00f3n de alto volumen.<\/li>\n<li>Proporcionar una fuente alternativa de aire (m\u00e1scara de ox\u00edgeno).<\/li>\n<li>Eliminar de manera inmediata la aleaci\u00f3n de mercurio.<\/li>\n<li>Eliminar la amalgama en bloque, siempre que sea posible.<\/li>\n<li>Lavar y cambiar los guantes.<\/li>\n<li>Limpiar al paciente inmediatamente.<\/li>\n<li>Considerar que una adecuada alimentaci\u00f3n puede se de ayuda.<\/li>\n<li>Mantener el aire de la habitaci\u00f3n puro.<\/li>\n<\/ul>\n[\/vc_column_text][\/vc_column_inner][vc_column_inner width=\u00bb1\/3&#8243;][vc_empty_space height=\u00bb30px\u00bb][vc_single_image image=\u00bb285&#8243; img_size=\u00bbmeduim\u00bb alignment=\u00bbcenter\u00bb][vc_empty_space height=\u00bb20px\u00bb][vc_single_image image=\u00bb190&#8243;][vc_empty_space height=\u00bb100px\u00bb][vc_single_image image=\u00bb352&#8243; img_size=\u00bbmedium\u00bb add_caption=\u00bbyes\u00bb alignment=\u00bbcenter\u00bb onclick=\u00bbimg_link_large\u00bb][vc_empty_space height=\u00bb50px\u00bb][vc_column_text css=\u00bb.vc_custom_1457358570993{padding-top: 15px !important;padding-right: 5px !important;padding-bottom: 15px !important;padding-left: 5px !important;background-color: #a3a3a3 !important;}\u00bb]\n<p style=\"text-align: center;\"><span style=\"color: #ffffff;\">MERCURIADOS<\/span><\/p>\n[\/vc_column_text][vc_column_text]\n<h4>\u00abEl mercurio de mis empastes dentales me intoxic\u00f3.\u00bb<\/h4>\n<p style=\"text-align: right;\"><a href=\"http:\/\/www.lavanguardia.com\/lacontra\/20110921\/54219007005\/el-mercurio-de-mis-empastes-dentales-me-intoxico.html\" target=\"_blank\" rel=\"noopener noreferrer\">LA VANGUARDIA. LaContra. 21\/09\/2011<\/a><\/p>\n[\/vc_column_text][vc_separator color=\u00bbmulled_wine\u00bb css=\u00bb.vc_custom_1457359255025{padding-top: 10px !important;padding-bottom: 10px !important;}\u00bb][vc_column_text css=\u00bb.vc_custom_1457359237182{margin-top: 0px !important;margin-bottom: 15px !important;}\u00bb]\n<h4 class=\"yt watch-title-container\"><span id=\"eow-title\" class=\"watch-title \" dir=\"ltr\" title=\"Quecksilber the strange story of dental amalgam\">Quecksilber the strange story of dental amalgam<\/span><\/h4>\n[\/vc_column_text][vc_separator color=\u00bbmulled_wine\u00bb][vc_video link=\u00bbhttps:\/\/youtu.be\/MfVsUuhoFWY\u00bb css=\u00bb.vc_custom_1455636665460{padding-bottom: 20px !important;}\u00bb][vc_separator color=\u00bbmulled_wine\u00bb][vc_column_text css=\u00bb.vc_custom_1455636154106{margin-top: 5px !important;margin-bottom: 15px !important;}\u00bb]\n<h4>Poison in the Mouth<\/h4>\n<p style=\"text-align: right;\"><a href=\"https:\/\/youtu.be\/GA6OTdGfcS4\" target=\"_blank\" rel=\"noopener noreferrer\">BBC Panorama (1994)<\/a><\/p>\n[\/vc_column_text][\/vc_column_inner][\/vc_row_inner][\/vc_tta_section][\/vc_tta_tour][\/vc_column][\/vc_row]\n<\/div>","protected":false},"excerpt":{"rendered":"<p>[vc_row][vc_column][vc_single_image image=\u00bb773&#8243; alignment=\u00bbcenter\u00bb][\/vc_column][\/vc_row][vc_row][vc_column][vc_tta_tour][vc_tta_section title=\u00bbEST\u00c9TICA DENTAL\u00bb tab_id=\u00bb1457355810413-6e20e883-83b6&#8243;][vc_row_inner][vc_column_inner width=\u00bb2\/3&#8243;][vc_column_text] Est\u00e9tica dental Estudiamos y corregimos la est\u00e9tica de los dientes, las enc\u00edas y la sonrisa de cada persona.[\/vc_column_text][\/vc_column_inner][vc_column_inner width=\u00bb1\/3&#8243;][vc_single_image image=\u00bb271&#8243; img_size=\u00bbmedium\u00bb alignment=\u00bbcenter\u00bb][vc_empty_space height=\u00bb15px\u00bb][vc_single_image image=\u00bb582&#8243; img_size=\u00bbmedium\u00bb alignment=\u00bbcenter\u00bb][\/vc_column_inner][\/vc_row_inner][\/vc_tta_section][vc_tta_section title=\u00bbIMPLANTES Y CIRUG\u00cdA\u00bb tab_id=\u00bb1457355810675-d94cf958-9a11&#8243;][vc_row_inner][vc_column_inner width=\u00bb2\/3&#8243;][vc_column_text] Implantes y&hellip;<\/p>\n","protected":false},"author":2,"featured_media":0,"parent":0,"menu_order":0,"comment_status":"closed","ping_status":"closed","template":"","meta":{"footnotes":""},"class_list":["post-10","page","type-page","status-publish","hentry","entry","no-media"],"_links":{"self":[{"href":"https:\/\/www.clinicadentaloliva.com\/es\/wp-json\/wp\/v2\/pages\/10","targetHints":{"allow":["GET"]}}],"collection":[{"href":"https:\/\/www.clinicadentaloliva.com\/es\/wp-json\/wp\/v2\/pages"}],"about":[{"href":"https:\/\/www.clinicadentaloliva.com\/es\/wp-json\/wp\/v2\/types\/page"}],"author":[{"embeddable":true,"href":"https:\/\/www.clinicadentaloliva.com\/es\/wp-json\/wp\/v2\/users\/2"}],"replies":[{"embeddable":true,"href":"https:\/\/www.clinicadentaloliva.com\/es\/wp-json\/wp\/v2\/comments?post=10"}],"version-history":[{"count":2,"href":"https:\/\/www.clinicadentaloliva.com\/es\/wp-json\/wp\/v2\/pages\/10\/revisions"}],"predecessor-version":[{"id":775,"href":"https:\/\/www.clinicadentaloliva.com\/es\/wp-json\/wp\/v2\/pages\/10\/revisions\/775"}],"wp:attachment":[{"href":"https:\/\/www.clinicadentaloliva.com\/es\/wp-json\/wp\/v2\/media?parent=10"}],"curies":[{"name":"wp","href":"https:\/\/api.w.org\/{rel}","templated":true}]}}