{"id":450,"date":"2016-05-09T17:32:52","date_gmt":"2016-05-09T17:32:52","guid":{"rendered":"http:\/\/www.clinicadentaloliva.com\/dr-oliva-darnes-fundador-de-la-clinica-dental-oliva\/"},"modified":"2026-03-25T11:35:33","modified_gmt":"2026-03-25T11:35:33","slug":"dr-oliva-darnes-fundador-de-la-clinica-dental-oliva","status":"publish","type":"page","link":"https:\/\/www.clinicadentaloliva.com\/es\/","title":{"rendered":"Dr. Oliva Darn\u00e9s. Cl\u00ednica dental Oliva"},"content":{"rendered":"<div class=\"wpb-content-wrapper\">[vc_row][vc_column][vc_single_image image=\u00bb767&#8243; alignment=\u00bbcenter\u00bb][\/vc_column][\/vc_row][vc_row][vc_column][vc_column_text]\n<h1 style=\"text-align: center;\"><span style=\"font-size: 32px; color: #008080;\">Dr. Josep Oliva Darn\u00e9s<\/span><\/h1>\n<p style=\"text-align: center;\"><span style=\"font-size: 18px;\">\u00a0Dentista de Granollers desde 1983<\/span><\/p>\n<h2 style=\"text-align: center;\"><span style=\"font-size: 21px; color: #008080;\">Fundador de la Cl\u00ednica Oliva<\/span><\/h2>\n<p style=\"text-align: center;\"><span style=\"font-size: 18px;\">Ahora me pueden encontrar en la <strong><span style=\"color: #333333;\">Av. Sant Esteve, 62 de Granollers<\/span><\/strong>, donde sigo practicando lo que m\u00e1s me gusta:<\/span> <span style=\"font-size: 21px;\">Mantener la salud dental de mis pacientes y amigos<\/span>.<\/p>\n[\/vc_column_text][\/vc_column][\/vc_row][vc_row][vc_column]<div class=\"vcex-spacing\" style=\"height:15px\"><\/div><div class=\"vcex-module wpex-carousel wpex-carousel-images clr owl-carousel arrwstyle-default\" data-items=\"4\" data-slideby=\"1\" data-nav=\"true\" data-dots=\"false\" data-autoplay=\"true\" data-loop=\"true\" data-autoplay-timeout=\"5000\" data-center=\"false\" data-margin=\"15\" data-items-tablet=\"3\" data-items-mobile-landscape=\"2\" data-items-mobile-portrait=\"1\" data-smart-speed=\"150\" data-auto-height=\"false\" data-auto-width=\"false\"><div class=\"wpex-carousel-slide\"><figure class=\"wpex-carousel-entry-media clr\"><img loading=\"lazy\" decoding=\"async\" data-no-lazy=\"1\" class=\"skip-lazy\" src=\"https:\/\/www.clinicadentaloliva.com\/wp-content\/uploads\/2023\/09\/MARIA-1.jpg\" data-no-retina width=\"800\" height=\"533\" \/><\/figure><\/div><div class=\"wpex-carousel-slide\"><figure class=\"wpex-carousel-entry-media clr\"><img loading=\"lazy\" decoding=\"async\" data-no-lazy=\"1\" class=\"skip-lazy\" src=\"https:\/\/www.clinicadentaloliva.com\/wp-content\/uploads\/2023\/09\/7-1.jpg\" data-no-retina width=\"800\" height=\"533\" \/><\/figure><\/div><div class=\"wpex-carousel-slide\"><figure class=\"wpex-carousel-entry-media clr\"><img loading=\"lazy\" decoding=\"async\" data-no-lazy=\"1\" class=\"skip-lazy\" src=\"https:\/\/www.clinicadentaloliva.com\/wp-content\/uploads\/2023\/09\/16-1.jpg\" data-no-retina width=\"800\" height=\"533\" \/><\/figure><\/div><div class=\"wpex-carousel-slide\"><figure class=\"wpex-carousel-entry-media clr\"><img loading=\"lazy\" decoding=\"async\" data-no-lazy=\"1\" class=\"skip-lazy\" src=\"https:\/\/www.clinicadentaloliva.com\/wp-content\/uploads\/2023\/09\/13-1.jpg\" data-no-retina width=\"800\" height=\"533\" \/><\/figure><\/div><div class=\"wpex-carousel-slide\"><figure class=\"wpex-carousel-entry-media clr\"><img loading=\"lazy\" decoding=\"async\" data-no-lazy=\"1\" class=\"skip-lazy\" src=\"https:\/\/www.clinicadentaloliva.com\/wp-content\/uploads\/2023\/09\/1-1.jpg\" data-no-retina width=\"800\" height=\"533\" \/><\/figure><\/div><div class=\"wpex-carousel-slide\"><figure class=\"wpex-carousel-entry-media clr\"><img loading=\"lazy\" decoding=\"async\" data-no-lazy=\"1\" class=\"skip-lazy\" src=\"https:\/\/www.clinicadentaloliva.com\/wp-content\/uploads\/2023\/09\/2-1.jpg\" data-no-retina width=\"800\" height=\"533\" \/><\/figure><\/div><div class=\"wpex-carousel-slide\"><figure class=\"wpex-carousel-entry-media clr\"><img loading=\"lazy\" decoding=\"async\" data-no-lazy=\"1\" class=\"skip-lazy\" src=\"https:\/\/www.clinicadentaloliva.com\/wp-content\/uploads\/2023\/09\/3-1.jpg\" data-no-retina width=\"800\" height=\"533\" \/><\/figure><\/div><\/div><div class=\"vcex-spacing\" style=\"height:15px\"><\/div>[vc_column_text]\n<h2 style=\"text-align: center;\"><span style=\"font-size: 21px; color: #008080;\"><span style=\"font-size: 28px;\">Pida informaci\u00f3n sobre nuestros tratamientos odontol\u00f3gicos y de est\u00e9tica dental. Le asesoraremos de manera personalizada. <\/span> <\/span><\/h2>\n<p style=\"text-align: center;\"><span style=\"font-size: 28px; color: #808080;\"><span style=\"color: #333333;\">Ll\u00e1menos sin compromiso al<\/span><br \/>\n<span style=\"color: #008080; font-size: 36px;\">938 705 199<\/span><\/span><\/p>\n[\/vc_column_text][\/vc_column][\/vc_row][vc_row][vc_column width=\u00bb1\/2&#8243;][vc_empty_space height=\u00bb30px\u00bb][vc_single_image image=\u00bb379&#8243; alignment=\u00bbcenter\u00bb onclick=\u00bbimg_link_large\u00bb][\/vc_column][vc_column width=\u00bb1\/2&#8243;][vc_empty_space height=\u00bb30px\u00bb][vc_column_text]\n<h2 style=\"text-align: center;\"><span style=\"color: #808080;\">Ortodoncia invisible<\/span><\/h2>\n<p style=\"text-align: center;\"><img loading=\"lazy\" decoding=\"async\" class=\"alignnone wp-image-374\" src=\"https:\/\/www.clinicadentaloliva.com\/wp-content\/uploads\/2016\/02\/INV-colour-logo-300x73.png\" alt=\"Invisalign-logo\" width=\"113\" height=\"22\" \/><\/p>\n[\/vc_column_text][vc_empty_space height=\u00bb15px\u00bb][\/vc_column][\/vc_row][vc_row][vc_column][\/vc_column][\/vc_row]\n<\/div>","protected":false},"excerpt":{"rendered":"<p>[vc_row][vc_column][vc_single_image image=\u00bb767&#8243; alignment=\u00bbcenter\u00bb][\/vc_column][\/vc_row][vc_row][vc_column][vc_column_text] Dr. Josep Oliva Darn\u00e9s \u00a0Dentista de Granollers desde 1983 Fundador de la Cl\u00ednica Oliva Ahora me pueden encontrar en la Av. Sant Esteve, 62 de Granollers, donde sigo practicando lo que m\u00e1s me gusta: Mantener la salud&hellip;<\/p>\n","protected":false},"author":2,"featured_media":0,"parent":0,"menu_order":0,"comment_status":"closed","ping_status":"closed","template":"","meta":{"footnotes":""},"class_list":["post-450","page","type-page","status-publish","hentry","entry","no-media"],"_links":{"self":[{"href":"https:\/\/www.clinicadentaloliva.com\/es\/wp-json\/wp\/v2\/pages\/450","targetHints":{"allow":["GET"]}}],"collection":[{"href":"https:\/\/www.clinicadentaloliva.com\/es\/wp-json\/wp\/v2\/pages"}],"about":[{"href":"https:\/\/www.clinicadentaloliva.com\/es\/wp-json\/wp\/v2\/types\/page"}],"author":[{"embeddable":true,"href":"https:\/\/www.clinicadentaloliva.com\/es\/wp-json\/wp\/v2\/users\/2"}],"replies":[{"embeddable":true,"href":"https:\/\/www.clinicadentaloliva.com\/es\/wp-json\/wp\/v2\/comments?post=450"}],"version-history":[{"count":15,"href":"https:\/\/www.clinicadentaloliva.com\/es\/wp-json\/wp\/v2\/pages\/450\/revisions"}],"predecessor-version":[{"id":853,"href":"https:\/\/www.clinicadentaloliva.com\/es\/wp-json\/wp\/v2\/pages\/450\/revisions\/853"}],"wp:attachment":[{"href":"https:\/\/www.clinicadentaloliva.com\/es\/wp-json\/wp\/v2\/media?parent=450"}],"curies":[{"name":"wp","href":"https:\/\/api.w.org\/{rel}","templated":true}]}}